{"id":3,"date":"2023-05-08T09:27:30","date_gmt":"2023-05-08T09:27:30","guid":{"rendered":"https:\/\/centrosmulti.gurumk.com\/?page_id=3"},"modified":"2024-03-07T12:57:57","modified_gmt":"2024-03-07T11:57:57","slug":"politica-de-cookies","status":"publish","type":"page","link":"https:\/\/lafarmaciadaltdelavila.com\/ca\/politica-de-cookies\/","title":{"rendered":"Pol\u00edtica de cookies"},"content":{"rendered":"<p>En la web <a href=\"https:\/\/lafarmaciadaltdelavila.com\/ca\/\">https:\/\/lafarmaciadaltdelavila.com<\/a>(en adelante, el Sitio Web) utilizamos cookies para facilitar la relaci\u00f3n de los visitantes con nuestro contenido y para permitir elaborar estad\u00edsticas sobre los visitantes que recibimos.\u00a0<\/p>\r\n<p>Le informamos que podemos utilizar <b>cookies con la finalidad de facilitar su navegaci\u00f3n a trav\u00e9s del Sitio Web<\/b>, distinguirle de otros usuarios, proporcionarle una mejor experiencia en el uso del mismo, e identificar problemas para mejorar nuestro Sitio Web. Asimismo, en caso de que preste tu consentimiento, utilizaremos cookies que nos permiten obtener informaci\u00f3n acerca de sus preferencias y personalizar nuestro Sitio Web de conformidad con sus intereses individuales.\u00a0<\/p>\r\n\r\n\r\n\r\n<h2 class=\"wp-block-heading\">\u00bfQu\u00e9 son las cookies?\u00a0<\/h2>\r\n\r\n\r\n\r\n<p>Las cookies son un fichero que se descarga en el ordenador al acceder a determinadas p\u00e1ginas de navegaci\u00f3n de un usuario o equipo (entre otras cosas). Dependiendo de la informaci\u00f3n que contengan y de la forma en que se utilice el equipo, pueden emplearse para reconocer al usuario. El navegador del usuario memoriza las cookies en el disco duro solamente durante la sesi\u00f3n actual, ocupando un espacio de memoria m\u00ednimo y sin perjudicar el ordenador. Las cookies no contienen ninguna clase de informaci\u00f3n personal espec\u00edfica y la mayor\u00eda se borran del disco duro al finalizar la sesi\u00f3n del navegador (cookie de sesi\u00f3n).\u00a0<\/p>\r\n<p>En cumplimiento de la Directiva 2009\/136\/CE, desarrollada en nuestro ordenamiento por el apartado segundo del art\u00edculo 22 de la Ley de Servicios de Sociedad de la Informaci\u00f3n, siguiendo las directrices de la Agencia Espa\u00f1ola de Protecci\u00f3n de Datos, procedemos a informarle detalladamente del uso que se realiza en nuestra web.<\/p>\r\n<p>Sin su expreso consentimiento \u2013 mediante la activaci\u00f3n de las cookies en el navegador -, lafarm\u00e0cia no enlazar\u00e1 en las cookies, los datos memorizados con informaci\u00f3n personal proporcionados en el momento del registro o la compra.\u00a0<\/p>\r\n\r\n\r\n\r\n<h2 class=\"wp-block-heading\">\u00bfQu\u00e9 tipo de cookies utiliza esta p\u00e1gina?<\/h2>\r\n\r\n\r\n\r\n<p>\u2013\u00a0<b>Cookies t\u00e9cnicas<\/b>. Permiten la navegaci\u00f3n a trav\u00e9s de una p\u00e1gina web, plataforma o aplicaci\u00f3n, as\u00ed como la utilizaci\u00f3n de diferentes opciones o servicios: controlar el tr\u00e1fico y la comunicaci\u00f3n de datos, identificar la sesi\u00f3n, acceder a partes restringidas, recordar los elementos que integran un pedido, efectuar la compra de un pedido, realizar la solicitud de inscripci\u00f3n o participaci\u00f3n en un evento, utilizar elementos de seguridad durante la navegaci\u00f3n, almacenar contenidos para la difusi\u00f3n de videos o sonido, o compartir contenidos a trav\u00e9s de redes sociales.<\/p>\r\n<p>\u2013\u00a0<b>Cookies de personalizaci\u00f3n<\/b>. Permiten acceder al servicio con algunas caracter\u00edsticas generales predefinidas en funci\u00f3n de una serie de criterios en el terminal del usuario: el idioma, el tipo de navegador a trav\u00e9s del cual accede al servicio, la configuraci\u00f3n regional desde donde accede al servicio, etc.<\/p>\r\n<p>\u2013\u00a0<b>Cookies de an\u00e1lisis<\/b>. Ya sean tratadas por nosotros o por terceros, permiten cuantificar el n\u00famero de usuarios y as\u00ed realizar la medici\u00f3n y el an\u00e1lisis estad\u00edstico sobre la utilizaci\u00f3n del servicio ofertado. Para ello, se analiza la navegaci\u00f3n en la p\u00e1gina web a fin de mejorar la oferta de productos y\/o servicios.<\/p>\r\n<p>\u2013\u00a0<b>Cookies de terceros<\/b>. multiacustica.com puede utilizar servicios de terceros que recopilar\u00e1n informaci\u00f3n con fines estad\u00edsticos sobre el uso del sitio web por parte del usuario, as\u00ed como para la prestaci\u00f3n de servicios relacionados con la actividad del sitio web y otros servicios de internet.<\/p>\r\n<p>Respecto al tratamiento de datos recabados a trav\u00e9s de las cookies de an\u00e1lisis, a pesar de que no est\u00e1n exentas del deber de obtener un consentimiento informado para su uso, es poco probable que representen un riesgo para la privacidad de los usuarios siempre que se trate de cookies de primera parte, que traten datos agregados con una finalidad estrictamente estad\u00edstica, que se facilite informaci\u00f3n sobre su uso y se incluya la posibilidad de que los usuarios manifiesten su negativa sobre su utilizaci\u00f3n.<\/p>\r\n<p>Concretamente, esta p\u00e1gina web utiliza:<\/p>\r\n<p><b>Addthis:<\/b><\/p>\r\n<p>Es un servicio que permite compartir el contenido de multiacustica.com en redes sociales mediante iconos identificativos. Utiliza cookies t\u00e9cnicas para su funcionamiento y cookies de personalizaci\u00f3n para recordar la configuraci\u00f3n que el usuario hace de los iconos de las redes sociales.<\/p>\r\n<p><a href=\"http:\/\/www.addthis.com\/privacy\" target=\"_blank\" rel=\"noopener\">http:\/\/www.addthis.com\/privacy<\/a><\/p>\r\n<p><b>Facebook<\/b><\/p>\r\n<p>multiacustica.com utiliza diferentes servicios de Facebook que, a su vez, hacen uso de cookies t\u00e9cnicas y de personalizaci\u00f3n. Estos servicios son el \u00ablike box\u00bb y el \u00ablike button\u00bb.<\/p>\r\n<p><a href=\"http:\/\/es-es.facebook.com\/help\/cookies\" target=\"_blank\" rel=\"noopener\">http:\/\/es-es.facebook.com\/help\/cookies<\/a><\/p>\r\n<p><b>Youtube<\/b><\/p>\r\n<p>multiacustica.com muestra videos de Youtube en diferentes apartados del sitio web. Estos videos hacen uso de cookies t\u00e9cnicas y de personalizaci\u00f3n para su correcto funcionamiento.<\/p>\r\n<p><a href=\"https:\/\/www.google.com\/policies\/technologies\/cookies\/\" target=\"_blank\" rel=\"noopener\">https:\/\/www.google.com\/policies\/technologies\/cookies\/<\/a><\/p>\r\n<p>Este sitio web tambi\u00e9n utiliza <b>Google Analytics<\/b>, un servicio anal\u00edtico de web que ofrece Google Inc., con sede central en 1600 Amphitheatre Parkway, Mountain View, California 94043 (Estados Unidos). Para la prestaci\u00f3n de dichos servicios se emplean cookies que recopilan toda la informaci\u00f3n (incluida la direcci\u00f3n IP del usuario), la cual ser\u00e1 transmitida, tratada y almacenada por Google en los t\u00e9rminos fijados en la webGoogle.com. Ello supone la posible transmisi\u00f3n de esta informaci\u00f3n a terceros por razones de exigencia legal o a fin de ser procesada por cuenta de Google.<\/p>\r\n<p>Al utilizar este sitio web, el usuario acepta expresamente el tratamiento de la informaci\u00f3n recabada en la forma y con los fines anteriormente mencionados. Asimismo, reconoce la posibilidad de rechazar el tratamiento de tales datos o la informaci\u00f3n mediante la selecci\u00f3n de la configuraci\u00f3n apropiada para este fin en su navegador. No obstante, es posible que esta opci\u00f3n de bloqueo de las cookies en el navegador no permita el uso pleno de todas las funcionalidades del sitio web.<\/p>\r\n<p>Usted puede permitir, bloquear o eliminar las cookies instaladas mediante la configuraci\u00f3n de las opciones del navegador:<\/p>\r\n<ul>\r\n<li><b> <\/b><b>Internet Explorer<\/b>: Herramientas &gt; Opciones de internet &gt; Privacidad &gt; Configuraci\u00f3n. Para m\u00e1s informaci\u00f3n, puedes consultar el soporte de Microsoft o la Ayuda del navegador.\u00a0<\/li>\r\n<li><b> <\/b><b>Firefox<\/b>: Herramientas &gt; Opciones &gt; Privacidad &gt; Historial &gt; Configuraci\u00f3n Personalizada. Para m\u00e1s informaci\u00f3n, puede consultar el soporte de Mozilla o la Ayuda del navegador.\u00a0<\/li>\r\n<li><b> <\/b><b>Chrome<\/b>: Configuraci\u00f3n &gt; Mostrar opciones avanzadas &gt; Privacidad &gt; Configuraci\u00f3n de contenido. Para m\u00e1s informaci\u00f3n, puede consultar el soporte de Google o la Ayuda del navegador.\u00a0<\/li>\r\n<li><b> <\/b><b>Safari<\/b>: Preferencias &gt; Seguridad. Para m\u00e1s informaci\u00f3n, puede consultar el soporte de Apple o la Ayuda del navegador.\u00a0<\/li>\r\n<\/ul>\r\n<p>&nbsp;<\/p>\r\n<p>Si tiene dudas sobre esta pol\u00edtica de cookies, puede contactar con multiacustica.com (<a href=\"mailto:info@multiacustica.com\">info@lafarmaciadaltdelavila.com<\/a>).<\/p>","protected":false},"excerpt":{"rendered":"<p>En la web https:\/\/lafarmaciadaltdelavila.com(en adelante, el Sitio Web) utilizamos cookies [&hellip;]<\/p>","protected":false},"author":1,"featured_media":0,"parent":0,"menu_order":0,"comment_status":"closed","ping_status":"open","template":"","meta":{"content-type":"","footnotes":""},"class_list":["post-3","page","type-page","status-publish","hentry"],"_links":{"self":[{"href":"https:\/\/lafarmaciadaltdelavila.com\/ca\/wp-json\/wp\/v2\/pages\/3","targetHints":{"allow":["GET"]}}],"collection":[{"href":"https:\/\/lafarmaciadaltdelavila.com\/ca\/wp-json\/wp\/v2\/pages"}],"about":[{"href":"https:\/\/lafarmaciadaltdelavila.com\/ca\/wp-json\/wp\/v2\/types\/page"}],"author":[{"embeddable":true,"href":"https:\/\/lafarmaciadaltdelavila.com\/ca\/wp-json\/wp\/v2\/users\/1"}],"replies":[{"embeddable":true,"href":"https:\/\/lafarmaciadaltdelavila.com\/ca\/wp-json\/wp\/v2\/comments?post=3"}],"version-history":[{"count":1,"href":"https:\/\/lafarmaciadaltdelavila.com\/ca\/wp-json\/wp\/v2\/pages\/3\/revisions"}],"predecessor-version":[{"id":2700,"href":"https:\/\/lafarmaciadaltdelavila.com\/ca\/wp-json\/wp\/v2\/pages\/3\/revisions\/2700"}],"wp:attachment":[{"href":"https:\/\/lafarmaciadaltdelavila.com\/ca\/wp-json\/wp\/v2\/media?parent=3"}],"curies":[{"name":"wp","href":"https:\/\/api.w.org\/{rel}","templated":true}]}}