{"id":1322,"date":"2023-01-13T13:29:53","date_gmt":"2023-01-13T13:29:53","guid":{"rendered":"https:\/\/centrosmulti.gurumk.com\/?page_id=1322"},"modified":"2024-03-22T12:43:27","modified_gmt":"2024-03-22T11:43:27","slug":"blog","status":"publish","type":"page","link":"https:\/\/lafarmaciadaltdelavila.com\/ca\/blog\/","title":{"rendered":"Blog"},"content":{"rendered":"<div class=\"fusion-fullwidth fullwidth-box fusion-builder-row-1 fusion-flex-container has-pattern-background has-mask-background nonhundred-percent-fullwidth non-hundred-percent-height-scrolling\" style=\"--awb-border-radius-top-left:0px;--awb-border-radius-top-right:0px;--awb-border-radius-bottom-right:0px;--awb-border-radius-bottom-left:0px;--awb-margin-bottom:100px;--awb-flex-wrap:wrap;\" ><div class=\"fusion-builder-row fusion-row fusion-flex-align-items-flex-start fusion-flex-content-wrap\" style=\"max-width:1331.2px;margin-left: calc(-4% \/ 2 );margin-right: calc(-4% \/ 2 );\"><div class=\"fusion-layout-column fusion_builder_column fusion-builder-column-0 fusion_builder_column_1_1 1_1 fusion-flex-column\" style=\"--awb-bg-size:cover;--awb-width-large:100%;--awb-margin-top-large:0px;--awb-spacing-right-large:1.92%;--awb-margin-bottom-large:20px;--awb-spacing-left-large:1.92%;--awb-width-medium:100%;--awb-order-medium:0;--awb-spacing-right-medium:1.92%;--awb-spacing-left-medium:1.92%;--awb-width-small:100%;--awb-order-small:0;--awb-spacing-right-small:1.92%;--awb-spacing-left-small:1.92%;\"><div class=\"fusion-column-wrapper fusion-column-has-shadow fusion-flex-justify-content-flex-start fusion-content-layout-column\"><div class=\"fusion-post-cards fusion-post-cards-1 fusion-grid-archive fusion-grid-columns-2\" style=\"--awb-dots-align:center;--awb-columns:2;--awb-active-filter-border-size:3px;--awb-filters-height:36px;\"><ul class=\"fusion-grid fusion-grid-2 fusion-flex-align-items-flex-start fusion-grid-posts-cards fusion-grid-container-infinite\" data-pages=\"1\"><li class=\"fusion-layout-column fusion_builder_column fusion-builder-column-1 fusion-flex-column post-card fusion-grid-column fusion-post-cards-grid-column\" style=\"--awb-bg-blend:overlay;--awb-bg-size:cover;--awb-transform:translateY(0px);--awb-transform-hover:translateY(5px);\"><div class=\"fusion-column-wrapper fusion-flex-justify-content-flex-start fusion-content-layout-column\"><div class=\"fusion-classic-product-image-wrapper fusion-woo-product-image fusion-post-card-image fusion-post-card-image-1 has-aspect-ratio\" data-layout=\"static\" style=\"--awb-margin-bottom:40px;--awb-border-radius-top-right:160px;--awb-aspect-ratio:1.3513513513514;\"><div  class=\"fusion-image-wrapper\" aria-haspopup=\"true\">\n\t\t\t\t\t\t\t<a href=\"https:\/\/lafarmaciadaltdelavila.com\/ca\/proteccion-solar\/\" aria-label=\"Protecci\u00f3n Solar\">\n\t\t\t\t\t\t\t<img decoding=\"async\" width=\"2560\" height=\"1707\" src=\"https:\/\/lafarmaciadaltdelavila.com\/wp-content\/uploads\/2023\/07\/shutterstock_2148208291-scaled.jpg\" class=\"attachment-full size-full lazyload wp-post-image\" alt=\"\" srcset=\"data:image\/svg+xml,%3Csvg%20xmlns%3D%27http%3A%2F%2Fwww.w3.org%2F2000%2Fsvg%27%20width%3D%272560%27%20height%3D%271707%27%20viewBox%3D%270%200%202560%201707%27%3E%3Crect%20width%3D%272560%27%20height%3D%271707%27%20fill-opacity%3D%220%22%2F%3E%3C%2Fsvg%3E\" data-orig-src=\"https:\/\/lafarmaciadaltdelavila.com\/wp-content\/uploads\/2023\/07\/shutterstock_2148208291-scaled.jpg\" data-srcset=\"https:\/\/lafarmaciadaltdelavila.com\/wp-content\/uploads\/2023\/07\/shutterstock_2148208291-200x133.jpg 200w, https:\/\/lafarmaciadaltdelavila.com\/wp-content\/uploads\/2023\/07\/shutterstock_2148208291-400x267.jpg 400w, https:\/\/lafarmaciadaltdelavila.com\/wp-content\/uploads\/2023\/07\/shutterstock_2148208291-600x400.jpg 600w, https:\/\/lafarmaciadaltdelavila.com\/wp-content\/uploads\/2023\/07\/shutterstock_2148208291-800x533.jpg 800w, https:\/\/lafarmaciadaltdelavila.com\/wp-content\/uploads\/2023\/07\/shutterstock_2148208291-1200x800.jpg 1200w, https:\/\/lafarmaciadaltdelavila.com\/wp-content\/uploads\/2023\/07\/shutterstock_2148208291-scaled.jpg 2560w\" data-sizes=\"auto\" \/>\t\t\t<\/a>\n\t\t\t\t\t\t\t<\/div>\n<\/div><div class=\"fusion-builder-row fusion-builder-row-inner fusion-row fusion-flex-align-items-flex-start fusion-flex-content-wrap\" style=\"width:104% !important;max-width:104% !important;margin-left: calc(-4% \/ 2 );margin-right: calc(-4% \/ 2 );\"><div class=\"fusion-layout-column fusion_builder_column_inner fusion-builder-nested-column-0 fusion_builder_column_inner_1_1 1_1 fusion-flex-column\" style=\"--awb-padding-left:10px;--awb-bg-size:cover;--awb-width-large:100%;--awb-margin-top-large:0px;--awb-spacing-right-large:1.92%;--awb-margin-bottom-large:0px;--awb-spacing-left-large:1.92%;--awb-width-medium:100%;--awb-order-medium:0;--awb-spacing-right-medium:1.92%;--awb-spacing-left-medium:1.92%;--awb-width-small:100%;--awb-order-small:0;--awb-spacing-right-small:1.92%;--awb-spacing-left-small:1.92%;\"><div class=\"fusion-column-wrapper fusion-column-has-shadow fusion-flex-justify-content-flex-start fusion-content-layout-column\"><div class=\"fusion-title title fusion-title-1 fusion-sep-none fusion-title-text fusion-title-size-four\"><h4 class=\"fusion-title-heading title-heading-left\" style=\"margin:0;\">Protecci\u00f3n Solar<\/h4><\/div><div class=\"fusion-content-tb fusion-content-tb-1\" style=\"--awb-text-color:var(--awb-color8);--awb-text-transform:none;\"><p>El sol, con su luz c\u00e1lida y reconfortante, es una fuente inagotable de vida en la Tierra. No obstante, la exposici\u00f3n excesiva a los rayos solares sin la debida protecci\u00f3n puede tener consecuencias negativas para tu piel y tu salud en general. En este art\u00edculo, exploraremos la importancia de la protecci\u00f3n solar y c\u00f3mo puedes disfrutar del sol de manera segura.<\/p><\/div><div class=\"fusion-separator\" style=\"align-self: flex-start;margin-right:auto;margin-top:10px;margin-bottom:40px;width:100%;max-width:350px;\"><div class=\"fusion-separator-border sep-single sep-solid\" style=\"--awb-height:20px;--awb-amount:20px;border-color:var(--awb-color3);border-top-width:1px;\"><\/div><\/div><div style=\"text-align:left;\"><a class=\"fusion-button button-flat fusion-button-default-size button-custom fusion-button-default button-1 fusion-button-default-span fusion-button-default-type fusion-animated\" style=\"--button_accent_color:var(--awb-color8);--button_border_color:hsla(var(--awb-color5-h),var(--awb-color5-s),calc(var(--awb-color5-l) + 8%),var(--awb-color5-a));--button_accent_hover_color:var(--awb-color8);--button_border_hover_color:var(--awb-color7);--button_border_width-top:1px;--button_border_width-right:5px;--button_border_width-bottom:5px;--button_border_width-left:1px;--button_gradient_top_color:hsla(var(--awb-color3-h),var(--awb-color3-s),calc(var(--awb-color3-l) + 3%),var(--awb-color3-a));--button_gradient_bottom_color:hsla(var(--awb-color3-h),var(--awb-color3-s),calc(var(--awb-color3-l) + 3%),var(--awb-color3-a));--button_gradient_top_color_hover:var(--awb-color1);--button_gradient_bottom_color_hover:var(--awb-color1);--button_text_transform:var(--awb-typography3-text-transform);--button_font_size:var(--awb-typography3-font-size);--button_line_height:var(--awb-typography3-line-height);--button_padding-top:16px;--button_padding-right:36px;--button_padding-bottom:12px;--button_padding-left:36px;--button_typography-letter-spacing:var(--awb-typography3-letter-spacing);--button_typography-font-family:var(--awb-typography3-font-family);--button_typography-font-weight:var(--awb-typography3-font-weight);--button_typography-font-style:var(--awb-typography3-font-style);\" data-animationtype=\"revealInLeft\" data-animationduration=\"0.3\" data-animationoffset=\"top-into-view\" target=\"_self\" data-hover=\"text_slide_up\" href=\"https:\/\/lafarmaciadaltdelavila.com\/ca\/proteccion-solar\/\"><div class=\"awb-button-text-transition\"><span class=\"fusion-button-text\">Saber\u00a0m\u00e9s<\/span><span class=\"fusion-button-text\">Saber\u00a0m\u00e9s<\/span><\/div><\/a><\/div><\/div><\/div><\/div><\/div><\/li>\n<li class=\"fusion-layout-column fusion_builder_column fusion-builder-column-2 fusion-flex-column post-card fusion-grid-column fusion-post-cards-grid-column\" style=\"--awb-bg-blend:overlay;--awb-bg-size:cover;--awb-transform:translateY(0px);--awb-transform-hover:translateY(5px);\"><div class=\"fusion-column-wrapper fusion-flex-justify-content-flex-start fusion-content-layout-column\"><div class=\"fusion-classic-product-image-wrapper fusion-woo-product-image fusion-post-card-image fusion-post-card-image-1 has-aspect-ratio\" data-layout=\"static\" style=\"--awb-margin-bottom:40px;--awb-border-radius-top-right:160px;--awb-aspect-ratio:1.3513513513514;\"><div  class=\"fusion-image-wrapper\" aria-haspopup=\"true\">\n\t\t\t\t\t\t\t<a href=\"https:\/\/lafarmaciadaltdelavila.com\/ca\/making-smart-layout-choices-in-web-design\/\" aria-label=\"Tot el que cal saber sobre la pell at\u00f2pica i el seu tractament\">\n\t\t\t\t\t\t\t<img decoding=\"async\" width=\"2560\" height=\"1707\" src=\"https:\/\/lafarmaciadaltdelavila.com\/wp-content\/uploads\/2022\/12\/shutterstock_2182620891-scaled.jpg\" class=\"attachment-full size-full lazyload wp-post-image\" alt=\"\" srcset=\"data:image\/svg+xml,%3Csvg%20xmlns%3D%27http%3A%2F%2Fwww.w3.org%2F2000%2Fsvg%27%20width%3D%272560%27%20height%3D%271707%27%20viewBox%3D%270%200%202560%201707%27%3E%3Crect%20width%3D%272560%27%20height%3D%271707%27%20fill-opacity%3D%220%22%2F%3E%3C%2Fsvg%3E\" data-orig-src=\"https:\/\/lafarmaciadaltdelavila.com\/wp-content\/uploads\/2022\/12\/shutterstock_2182620891-scaled.jpg\" data-srcset=\"https:\/\/lafarmaciadaltdelavila.com\/wp-content\/uploads\/2022\/12\/shutterstock_2182620891-200x133.jpg 200w, https:\/\/lafarmaciadaltdelavila.com\/wp-content\/uploads\/2022\/12\/shutterstock_2182620891-400x267.jpg 400w, https:\/\/lafarmaciadaltdelavila.com\/wp-content\/uploads\/2022\/12\/shutterstock_2182620891-600x400.jpg 600w, https:\/\/lafarmaciadaltdelavila.com\/wp-content\/uploads\/2022\/12\/shutterstock_2182620891-800x533.jpg 800w, https:\/\/lafarmaciadaltdelavila.com\/wp-content\/uploads\/2022\/12\/shutterstock_2182620891-1200x800.jpg 1200w, https:\/\/lafarmaciadaltdelavila.com\/wp-content\/uploads\/2022\/12\/shutterstock_2182620891-scaled.jpg 2560w\" data-sizes=\"auto\" \/>\t\t\t<\/a>\n\t\t\t\t\t\t\t<\/div>\n<\/div><div class=\"fusion-builder-row fusion-builder-row-inner fusion-row fusion-flex-align-items-flex-start fusion-flex-content-wrap\" style=\"width:104% !important;max-width:104% !important;margin-left: calc(-4% \/ 2 );margin-right: calc(-4% \/ 2 );\"><div class=\"fusion-layout-column fusion_builder_column_inner fusion-builder-nested-column-1 fusion_builder_column_inner_1_1 1_1 fusion-flex-column\" style=\"--awb-padding-left:10px;--awb-bg-size:cover;--awb-width-large:100%;--awb-margin-top-large:0px;--awb-spacing-right-large:1.92%;--awb-margin-bottom-large:0px;--awb-spacing-left-large:1.92%;--awb-width-medium:100%;--awb-order-medium:0;--awb-spacing-right-medium:1.92%;--awb-spacing-left-medium:1.92%;--awb-width-small:100%;--awb-order-small:0;--awb-spacing-right-small:1.92%;--awb-spacing-left-small:1.92%;\"><div class=\"fusion-column-wrapper fusion-column-has-shadow fusion-flex-justify-content-flex-start fusion-content-layout-column\"><div class=\"fusion-title title fusion-title-2 fusion-sep-none fusion-title-text fusion-title-size-four\"><h4 class=\"fusion-title-heading title-heading-left\" style=\"margin:0;\">Tot el que cal saber sobre la pell at\u00f2pica i el seu tractament<\/h4><\/div><div class=\"fusion-content-tb fusion-content-tb-2\" style=\"--awb-text-color:var(--awb-color8);--awb-text-transform:none;\"><p>La pell at\u00f2pica \u00e9s una condici\u00f3 comuna que afecta moltes persones arreu del m\u00f3n, caracteritzada per la seva extrema sequedat, irritaci\u00f3 i propensi\u00f3 a brots d\u2019\u00e8czema.  Aquesta condici\u00f3 pot ser especialment inc\u00f2moda i frustrant, per\u00f2 amb el tractament adequat, \u00e9s possible alleujar els s\u00edmptomes i millorar la qualitat de vida. A continuaci\u00f3, t'oferim informaci\u00f3 sobre aquesta condici\u00f3 i com tractar-la.<\/p><\/div><div class=\"fusion-separator\" style=\"align-self: flex-start;margin-right:auto;margin-top:10px;margin-bottom:40px;width:100%;max-width:350px;\"><div class=\"fusion-separator-border sep-single sep-solid\" style=\"--awb-height:20px;--awb-amount:20px;border-color:var(--awb-color3);border-top-width:1px;\"><\/div><\/div><div style=\"text-align:left;\"><a class=\"fusion-button button-flat fusion-button-default-size button-custom fusion-button-default button-2 fusion-button-default-span fusion-button-default-type fusion-animated\" style=\"--button_accent_color:var(--awb-color8);--button_border_color:hsla(var(--awb-color5-h),var(--awb-color5-s),calc(var(--awb-color5-l) + 8%),var(--awb-color5-a));--button_accent_hover_color:var(--awb-color8);--button_border_hover_color:var(--awb-color7);--button_border_width-top:1px;--button_border_width-right:5px;--button_border_width-bottom:5px;--button_border_width-left:1px;--button_gradient_top_color:hsla(var(--awb-color3-h),var(--awb-color3-s),calc(var(--awb-color3-l) + 3%),var(--awb-color3-a));--button_gradient_bottom_color:hsla(var(--awb-color3-h),var(--awb-color3-s),calc(var(--awb-color3-l) + 3%),var(--awb-color3-a));--button_gradient_top_color_hover:var(--awb-color1);--button_gradient_bottom_color_hover:var(--awb-color1);--button_text_transform:var(--awb-typography3-text-transform);--button_font_size:var(--awb-typography3-font-size);--button_line_height:var(--awb-typography3-line-height);--button_padding-top:16px;--button_padding-right:36px;--button_padding-bottom:12px;--button_padding-left:36px;--button_typography-letter-spacing:var(--awb-typography3-letter-spacing);--button_typography-font-family:var(--awb-typography3-font-family);--button_typography-font-weight:var(--awb-typography3-font-weight);--button_typography-font-style:var(--awb-typography3-font-style);\" data-animationtype=\"revealInLeft\" data-animationduration=\"0.3\" data-animationoffset=\"top-into-view\" target=\"_self\" data-hover=\"text_slide_up\" href=\"https:\/\/lafarmaciadaltdelavila.com\/ca\/making-smart-layout-choices-in-web-design\/\"><div class=\"awb-button-text-transition\"><span class=\"fusion-button-text\">Saber\u00a0m\u00e9s<\/span><span class=\"fusion-button-text\">Saber\u00a0m\u00e9s<\/span><\/div><\/a><\/div><\/div><\/div><\/div><\/div><\/li>\n<\/ul><\/div><\/div><\/div><\/div><\/div>","protected":false},"excerpt":{"rendered":"","protected":false},"author":1,"featured_media":0,"parent":0,"menu_order":0,"comment_status":"closed","ping_status":"closed","template":"100-width.php","meta":{"content-type":"","footnotes":""},"class_list":["post-1322","page","type-page","status-publish","hentry"],"_links":{"self":[{"href":"https:\/\/lafarmaciadaltdelavila.com\/ca\/wp-json\/wp\/v2\/pages\/1322","targetHints":{"allow":["GET"]}}],"collection":[{"href":"https:\/\/lafarmaciadaltdelavila.com\/ca\/wp-json\/wp\/v2\/pages"}],"about":[{"href":"https:\/\/lafarmaciadaltdelavila.com\/ca\/wp-json\/wp\/v2\/types\/page"}],"author":[{"embeddable":true,"href":"https:\/\/lafarmaciadaltdelavila.com\/ca\/wp-json\/wp\/v2\/users\/1"}],"replies":[{"embeddable":true,"href":"https:\/\/lafarmaciadaltdelavila.com\/ca\/wp-json\/wp\/v2\/comments?post=1322"}],"version-history":[{"count":4,"href":"https:\/\/lafarmaciadaltdelavila.com\/ca\/wp-json\/wp\/v2\/pages\/1322\/revisions"}],"predecessor-version":[{"id":2704,"href":"https:\/\/lafarmaciadaltdelavila.com\/ca\/wp-json\/wp\/v2\/pages\/1322\/revisions\/2704"}],"wp:attachment":[{"href":"https:\/\/lafarmaciadaltdelavila.com\/ca\/wp-json\/wp\/v2\/media?parent=1322"}],"curies":[{"name":"wp","href":"https:\/\/api.w.org\/{rel}","templated":true}]}}